{"id":4578,"date":"2021-04-09T13:34:00","date_gmt":"2021-04-09T13:34:00","guid":{"rendered":"https:\/\/im-ultrasonic.com\/product\/paramapp\/"},"modified":"2025-09-04T10:20:49","modified_gmt":"2025-09-04T10:20:49","slug":"paramapp","status":"publish","type":"product","link":"https:\/\/im-ultrasonic.com\/fr\/product\/paramapp\/","title":{"rendered":"ParamApp"},"content":{"rendered":"\n<!-- Block container# -->\n<div\n    id=\"air-tabsblock_c72d5bfd6170b223a9381c0813094a55\"\n    class=\"air-tabs tabs\"\n>\n\n<div class=\"tab-controls__container\"  airTargetDropdown>\n    <!-- Tabs controls# -->\n        <div class=\"tab-controls\"  airTargetDropdown>\n                                    <button class=\"tab-button js-tab-button--active theme-version-purple\"  airTargetDropdown>\n                Caract\u00e9ristiques et avantages            <\/button>\n                                    <button class=\"tab-button  theme-version-purple\"  airTargetDropdown>\n                Donn\u00e9es techniques            <\/button>\n                    <\/div>\n    <!-- #Tabs controls# -->\n<\/div>\n\n    <!-- #Tab content -->\n                <div class=\"tab-content active theme-version-purple\">\n                <p>ParamApp est un outil logiciel puissant et convivial d\u00e9velopp\u00e9 par INTEGRA metering, d\u00e9di\u00e9 \u00e0 la mise en service, \u00e0 l&rsquo;installation et \u00e0 la configuration d&rsquo;appareils ou de compteurs intelligents directement sur site.<\/p>\n<p>Solution id\u00e9ale pour g\u00e9rer les compteurs intelligents\u00a0:<br \/>\n\u2022\u00a0 \u00a0mise en service<br \/>\n\u2022\u00a0 \u00a0installation<br \/>\n\u2022\u00a0 \u00a0diagnostic<\/p>\n<p>Large gamme de possibilit\u00e9s de configuration de vos appareils\u00a0:<br \/>\n\u2022\u00a0 \u00a0Activation\/d\u00e9sactivation des modules radio<br \/>\n\u2022\u00a0 \u00a0Modification des param\u00e8tres M-Bus, Wireless M-Bus et LoRaWAN<br \/>\n\u2022\u00a0 \u00a0Modification des param\u00e8tres (poids d&rsquo;impulsion, num\u00e9ros de s\u00e9rie)<br \/>\n\u2022\u00a0 \u00a0Lecture des \u00e9v\u00e9nements pour des inspections d\u00e9taill\u00e9es sur site<br \/>\n\u2022\u00a0 \u00a0Acc\u00e8s aux informations de l&rsquo;enregistreur de donn\u00e9es pour une analyse plus approfondie<br \/>\n\u2022\u00a0 \u00a0Configuration de la d\u00e9tection des alarmes (param\u00e8tres de seuil, dur\u00e9e, etc.)<br \/>\n\u2022\u00a0 \u00a0Exportation des donn\u00e9es pour des op\u00e9rations ult\u00e9rieures<\/p>\n<p>Scannez pour t\u00e9l\u00e9charger via Google Play Store<\/p>\n<p><img loading=\"lazy\" decoding=\"async\" class=\"alignnone wp-image-3080\" src=\"https:\/\/im-ultrasonic.com\/wp-content\/uploads\/2021\/07\/qr-code-paramapp-1.png\" alt=\"\" width=\"190\" height=\"190\" \/><\/p>\n            <\/div>\n    <!-- #Tab content -->\n                <div class=\"tab-content  theme-version-purple\">\n                <p>\u2022\u00a0 \u00a0Compatible avec :\u00a0 TOPAS SONIC, TOPAS SONIC COMPOSITE, RUBIN SONIC<br \/>\n\u2022\u00a0 \u00a0Lecture NFC et Bluetooth<br \/>\n\u2022\u00a0 \u00a0Param\u00e9trage<br \/>\n\u2022\u00a0 \u00a0Visualisation des \u00e9v\u00e9nements et anomalies<br \/>\n\u2022\u00a0 \u00a0Acc\u00e8s aux donn\u00e9es du module\/compteur Datalogger<br \/>\n\u2022\u00a0 \u00a0Licence d&rsquo;activation avec diff\u00e9rents niveaux d&rsquo;acc\u00e8s<br \/>\n\u2022\u00a0 \u00a0Sauvegarde locale des donn\u00e9es de configuration<br \/>\n\u2022\u00a0 \u00a0Exportation locale ou par e-mail vers diff\u00e9rents formats<br \/>\n\u2022\u00a0 \u00a0Diagnostic de l&rsquo;application<br \/>\n\u2022\u00a0 \u00a0Gestion des cl\u00e9s de chiffrement (wM-Bus\/OMS)<br \/>\n\u2022\u00a0 \u00a0Fonctionne sur Android<br \/>\n\u2022\u00a0 \u00a0Compatible avec Android &gt; 6.1<br \/>\n\u2022\u00a0 \u00a0Disponible sur Google Play<\/p>\n            <\/div>\n    <!-- #Tab content -->\n    <\/div>\n<!-- #Block container -->\n\n\n\n<p><\/p>\n","protected":false},"excerpt":{"rendered":"<p>Cette application mobile polyvalente est con\u00e7ue pour \u00eatre utilis\u00e9e avec les compteurs intelligents Integra Metering.<\/p>\n","protected":false},"featured_media":4427,"parent":0,"comment_status":"open","ping_status":"closed","template":"","product-applications":[234,233,232],"product-medium":[],"product-process":[],"class_list":["post-4578","product","type-product","status-publish","has-post-thumbnail","hentry","product-applications-diagnostic-des-compteurs","product-applications-installation-des-compteurs","product-applications-mise-en-service-des-compteurs"],"acf":[],"_links":{"self":[{"href":"https:\/\/im-ultrasonic.com\/fr\/wp-json\/wp\/v2\/product\/4578","targetHints":{"allow":["GET"]}}],"collection":[{"href":"https:\/\/im-ultrasonic.com\/fr\/wp-json\/wp\/v2\/product"}],"about":[{"href":"https:\/\/im-ultrasonic.com\/fr\/wp-json\/wp\/v2\/types\/product"}],"replies":[{"embeddable":true,"href":"https:\/\/im-ultrasonic.com\/fr\/wp-json\/wp\/v2\/comments?post=4578"}],"wp:featuredmedia":[{"embeddable":true,"href":"https:\/\/im-ultrasonic.com\/fr\/wp-json\/wp\/v2\/media\/4427"}],"wp:attachment":[{"href":"https:\/\/im-ultrasonic.com\/fr\/wp-json\/wp\/v2\/media?parent=4578"}],"wp:term":[{"taxonomy":"product-applications","embeddable":true,"href":"https:\/\/im-ultrasonic.com\/fr\/wp-json\/wp\/v2\/product-applications?post=4578"},{"taxonomy":"product-medium","embeddable":true,"href":"https:\/\/im-ultrasonic.com\/fr\/wp-json\/wp\/v2\/product-medium?post=4578"},{"taxonomy":"product-process","embeddable":true,"href":"https:\/\/im-ultrasonic.com\/fr\/wp-json\/wp\/v2\/product-process?post=4578"}],"curies":[{"name":"wp","href":"https:\/\/api.w.org\/{rel}","templated":true}]}}