{"id":4574,"date":"2022-02-18T23:15:00","date_gmt":"2022-02-18T23:15:00","guid":{"rendered":"https:\/\/im-ultrasonic.com\/product\/topas-sonic-free-flow-water-meter\/"},"modified":"2025-09-04T10:23:07","modified_gmt":"2025-09-04T10:23:07","slug":"topas-sonic-free-flow-water-meter","status":"publish","type":"product","link":"https:\/\/im-ultrasonic.com\/fr\/product\/topas-sonic-free-flow-water-meter\/","title":{"rendered":"TOPAS\u00ae SONIC"},"content":{"rendered":"\n<!-- Block container# -->\n<div\n    id=\"air-tabsblock_46ef01d607e5582c5c2aea7273b2e9e9\"\n    class=\"air-tabs tabs\"\n>\n\n<div class=\"tab-controls__container\"  airTargetDropdown>\n    <!-- Tabs controls# -->\n        <div class=\"tab-controls\"  airTargetDropdown>\n                                    <button class=\"tab-button js-tab-button--active theme-version-purple\"  airTargetDropdown>\n                Caract\u00e9ristiques et avantages            <\/button>\n                                    <button class=\"tab-button  theme-version-purple\"  airTargetDropdown>\n                Donn\u00e9es techniques            <\/button>\n                    <\/div>\n    <!-- #Tabs controls# -->\n<\/div>\n\n    <!-- #Tab content -->\n                <div class=\"tab-content active theme-version-purple\">\n                <p><strong>Compteur \u00e0 ultrasons<\/strong> (statique) (sans pi\u00e8ces mobiles) pour applications de comptage intelligent<\/p>\n<p><strong>Technologie \u00e0 flux libre<\/strong>\u00a0: aucun r\u00e9flecteur dans la canalisation<br \/>\nPas d&rsquo;adh\u00e9rence de salet\u00e9, plus de pr\u00e9cision, perte de charge r\u00e9duite<\/p>\n<p><strong>Prise en charge de r\u00e9seaux multiples<\/strong><br \/>\n\u2022\u00a0 LoRaWAN (certifi\u00e9 LoRa Alliance) et M-Bus sans fil (OMS)<br \/>\n\u2022\u00a0 Compatible MultiCom (LoRaWAN et w-MBus simultan\u00e9s) pour une flexibilit\u00e9 d&rsquo;\u00e9volution<\/p>\n<p><strong>Prise en charge de ParamApp<\/strong><br \/>\n\u2022\u00a0 Configuration et diagnostic faciles sur le terrain gr\u00e2ce \u00e0 l&rsquo;application conviviale ParamApp<\/p>\n<p><strong>Compteur intelligent<\/strong><br \/>\n\u2022\u00a0 Nombreuses informations disponibles et large panel de d\u00e9tections d&rsquo;\u00e9v\u00e9nements pour g\u00e9rer le r\u00e9seau (fuite, rupture, surcharge, temp\u00e9rature de l&rsquo;eau, inversion de flux)<\/p>\n<p><strong>Robustesse<\/strong>\u00a0: IP68, dur\u00e9e de vie jusqu&rsquo;\u00e0 16\u00a0ans, conception inviolable<\/p>\n            <\/div>\n    <!-- #Tab content -->\n                <div class=\"tab-content  theme-version-purple\">\n                <p>\u2022\u00a0 \u00a0Diam\u00e8tre nominal DN 15 \u2013 DN 50<br \/>\n\u2022\u00a0 \u00a0Pression nominale PN 16 bar<br \/>\n\u2022\u00a0 \u00a0Temp\u00e9rature du fluide\u00a0: 0,1 \u00b0C \u00e0 + 50 \u00b0C<br \/>\n\u2022\u00a0 \u00a0Temp\u00e9rature ambiante\u00a0: 1 \u00b0C \u00e0 + 70 \u00b0C<br \/>\n\u2022\u00a0 \u00a0Temp\u00e9rature de stockage\u00a0: -25 \u00b0C \u00e0 + 70 \u00b0C<br \/>\n\u2022\u00a0 \u00a0Dynamique de mesure \u00e9lev\u00e9e (R500)<br \/>\n\u2022\u00a0 \u00a0Indice de protection\u00a0: IP 68<br \/>\n\u2022\u00a0 \u00a0Mat\u00e9riau du tube\u00a0: laiton CW617N<br \/>\n\u2022\u00a0 \u00a0Longue dur\u00e9e de vie de la batterie\u00a0: jusqu&rsquo;\u00e0 16\u00a0ans<br \/>\n\u2022\u00a0 \u00a0Mode T1 sans fil M-Bus 868 et 434\u00a0MHz (OMS v4)<br \/>\n\u2022\u00a0 \u00a0Communication sans fil longue port\u00e9e\u00a0: LoRaWAN<br \/>\n\u2022\u00a0 \u00a0MultiCom activ\u00e9 (LoRaWAN et wM-Bus 868\u00a0MHz simultan\u00e9s)<br \/>\n\u2022\u00a0 \u00a0Communication \u00e0 collecteur ouvert<br \/>\n\u2022\u00a0Interface NFC pour la configuration avec l&rsquo;application \u00ab\u00a0ParamApp\u00a0\u00bb<br \/>\n\u2022 ParamApp est disponible pour les appareils Android sur Google Play<br \/>\n\u2022 Enregistreur de donn\u00e9es et d&rsquo;\u00e9v\u00e9nements puissant int\u00e9gr\u00e9<br \/>\n\u2022 Certification MID 2014\/32\/UE et homologation pour l&rsquo;eau potable (ACS, WRAS, SVGW, DVGW, BELGACQUA)<\/p>\n            <\/div>\n    <!-- #Tab content -->\n    <\/div>\n<!-- #Block container -->\n","protected":false},"excerpt":{"rendered":"<p>Un compteur d&rsquo;eau intelligent \u00e0 ultrasons destin\u00e9 \u00e0 \u00eatre utilis\u00e9 dans des applications r\u00e9sidentielles et commerciales.<\/p>\n","protected":false},"featured_media":4468,"parent":0,"comment_status":"open","ping_status":"closed","template":"","product-applications":[241,240,239],"product-medium":[235],"product-process":[],"class_list":["post-4574","product","type-product","status-publish","has-post-thumbnail","hentry","product-applications-automatisation-des-batiments","product-applications-comptage-divisionnaire","product-applications-facturation-des-clients-residentiels-commerciaux","product-medium-eau-froide-t50"],"acf":[],"_links":{"self":[{"href":"https:\/\/im-ultrasonic.com\/fr\/wp-json\/wp\/v2\/product\/4574","targetHints":{"allow":["GET"]}}],"collection":[{"href":"https:\/\/im-ultrasonic.com\/fr\/wp-json\/wp\/v2\/product"}],"about":[{"href":"https:\/\/im-ultrasonic.com\/fr\/wp-json\/wp\/v2\/types\/product"}],"replies":[{"embeddable":true,"href":"https:\/\/im-ultrasonic.com\/fr\/wp-json\/wp\/v2\/comments?post=4574"}],"wp:featuredmedia":[{"embeddable":true,"href":"https:\/\/im-ultrasonic.com\/fr\/wp-json\/wp\/v2\/media\/4468"}],"wp:attachment":[{"href":"https:\/\/im-ultrasonic.com\/fr\/wp-json\/wp\/v2\/media?parent=4574"}],"wp:term":[{"taxonomy":"product-applications","embeddable":true,"href":"https:\/\/im-ultrasonic.com\/fr\/wp-json\/wp\/v2\/product-applications?post=4574"},{"taxonomy":"product-medium","embeddable":true,"href":"https:\/\/im-ultrasonic.com\/fr\/wp-json\/wp\/v2\/product-medium?post=4574"},{"taxonomy":"product-process","embeddable":true,"href":"https:\/\/im-ultrasonic.com\/fr\/wp-json\/wp\/v2\/product-process?post=4574"}],"curies":[{"name":"wp","href":"https:\/\/api.w.org\/{rel}","templated":true}]}}