{"id":4571,"date":"2025-04-07T12:33:47","date_gmt":"2025-04-07T12:33:47","guid":{"rendered":"https:\/\/im-ultrasonic.com\/product\/topas-sonic-composite\/"},"modified":"2025-10-01T15:02:34","modified_gmt":"2025-10-01T15:02:34","slug":"topas-sonic-composite","status":"publish","type":"product","link":"https:\/\/im-ultrasonic.com\/fr\/product\/topas-sonic-composite\/","title":{"rendered":"TOPAS\u00ae SONIC Composite"},"content":{"rendered":"\n<!-- Block container# -->\n<div\n    id=\"air-tabsblock_d5c0755362e18663403fb2e64e2703d0\"\n    class=\"air-tabs tabs\"\n>\n\n<div class=\"tab-controls__container\"  airTargetDropdown>\n    <!-- Tabs controls# -->\n        <div class=\"tab-controls\"  airTargetDropdown>\n                                    <button class=\"tab-button js-tab-button--active theme-version-purple\"  airTargetDropdown>\n                Caract\u00e9ristiques et avantages            <\/button>\n                                    <button class=\"tab-button  theme-version-purple\"  airTargetDropdown>\n                Donn\u00e9es techniques            <\/button>\n                    <\/div>\n    <!-- #Tabs controls# -->\n<\/div>\n\n    <!-- #Tab content -->\n                <div class=\"tab-content active theme-version-purple\">\n                <div style=\"width: 3840px;\" class=\"wp-video\"><video class=\"wp-video-shortcode\" id=\"video-4571-1\" width=\"3840\" height=\"2160\" preload=\"metadata\" controls=\"controls\"><source type=\"video\/mp4\" src=\"https:\/\/im-ultrasonic.com\/wp-content\/uploads\/2025\/04\/TOPAS_SONIC_Composite-08-4.mp4?_=1\" \/><a href=\"https:\/\/im-ultrasonic.com\/wp-content\/uploads\/2025\/04\/TOPAS_SONIC_Composite-08-4.mp4\">https:\/\/im-ultrasonic.com\/wp-content\/uploads\/2025\/04\/TOPAS_SONIC_Composite-08-4.mp4<\/a><\/video><\/div>\n<p>&nbsp;<\/p>\n<p><strong>Compteur \u00e0 ultrasons<\/strong> (statique) (sans pi\u00e8ces mobiles) pour applications de comptage intelligent<\/p>\n<p><strong>Technologie \u00e0 flux libre<\/strong>\u00a0: aucun r\u00e9flecteur dans la canalisation<br \/>\nPas d&rsquo;adh\u00e9rence de salet\u00e9, plus de pr\u00e9cision, perte de charge r\u00e9duite<\/p>\n<p><strong>Prise en charge de r\u00e9seaux multiples<\/strong><br \/>\n\u2022\u00a0 LoRaWAN (certifi\u00e9 LoRa Alliance) et M-Bus sans fil (OMS)<br \/>\n\u2022\u00a0 Compatible MultiCom (LoRaWAN et w-MBus simultan\u00e9s) pour une flexibilit\u00e9 d&rsquo;\u00e9volution<\/p>\n<p><strong>Prise en charge de ParamApp<\/strong><br \/>\n\u2022\u00a0 Configuration et diagnostic faciles sur le terrain gr\u00e2ce \u00e0 l&rsquo;application conviviale ParamApp<\/p>\n<p><strong>Compteur intelligent<\/strong><br \/>\n\u2022\u00a0 Nombreuses informations disponibles et large panel de d\u00e9tections d&rsquo;\u00e9v\u00e9nements pour g\u00e9rer le r\u00e9seau (fuite, rupture, surcharge, temp\u00e9rature de l&rsquo;eau, inversion de flux)<\/p>\n<p><strong>Robustesse<\/strong>\u00a0: IP68, dur\u00e9e de vie jusqu&rsquo;\u00e0 15\u00a0ans, conception inviolable<\/p>\n            <\/div>\n    <!-- #Tab content -->\n                <div class=\"tab-content  theme-version-purple\">\n                <p>\u2022\u00a0 \u00a0Diam\u00e8tre nominal DN 15<br \/>\n\u2022\u00a0 \u00a0Pression nominale PN 16 bar<br \/>\n\u2022\u00a0 \u00a0Temp\u00e9rature du fluide\u00a0: 0,1 \u00b0C \u00e0 + 50 \u00b0C<br \/>\n\u2022\u00a0 \u00a0Temp\u00e9rature ambiante\u00a0: -10 \u00b0C \u00e0 + 55 \u00b0C<br \/>\n\u2022\u00a0 \u00a0Temp\u00e9rature de stockage\u00a0: -10 \u00b0C \u00e0 + 70 \u00b0C<br \/>\n\u2022\u00a0 \u00a0Dynamique de mesure \u00e9lev\u00e9e (R500\/R800)<br \/>\n\u2022\u00a0 \u00a0Indice de protection\u00a0: IP 68<br \/>\n\u2022\u00a0 \u00a0Mat\u00e9riau du tube\u00a0: PA12 &#8211; 65 GF<br \/>\n\u2022\u00a0 \u00a0Longue dur\u00e9e de vie de la batterie\u00a0: jusqu&rsquo;\u00e0 15\u00a0ans<br \/>\n\u2022\u00a0 \u00a0Mode M-Bus sans fil 868\u00a0MHz T1 (OMS v4)<br \/>\n\u2022\u00a0 \u00a0Communication sans fil longue port\u00e9e\u00a0: LoRaWAN<br \/>\n\u2022\u00a0 \u00a0MultiCom activ\u00e9 (LoRaWAN et wM-Bus 868\u00a0MHz simultan\u00e9s)<br \/>\n\u2022\u00a0 \u00a0Interface NFC pour la configuration avec le Application \u00ab\u00a0ParamApp\u00a0\u00bb<br \/>\n\u2022 ParamApp est disponible pour les appareils Android sur Google Play<br \/>\n\u2022 Enregistreur de donn\u00e9es et d&rsquo;\u00e9v\u00e9nements puissant int\u00e9gr\u00e9<br \/>\n\u2022 Certifi\u00e9 MID 2014\/32\/UE et homologu\u00e9 pour l&rsquo;eau potable (ACS, WRAS, SVGW, BELGACQUA)<\/p>\n            <\/div>\n    <!-- #Tab content -->\n    <\/div>\n<!-- #Block container -->\n","protected":false},"excerpt":{"rendered":"<p>Un compteur d&rsquo;eau intelligent \u00e0 ultrasons avec un corps en mat\u00e9riau composite destin\u00e9 \u00e0 \u00eatre utilis\u00e9 dans des applications r\u00e9sidentielles<\/p>\n","protected":false},"featured_media":4665,"parent":0,"comment_status":"open","ping_status":"closed","template":"","product-applications":[246,240,245,252],"product-medium":[254],"product-process":[114,170,169],"class_list":["post-4571","product","type-product","status-publish","has-post-thumbnail","hentry","product-applications-building-automation-fr","product-applications-comptage-divisionnaire","product-applications-billing-residential-clients-fr","product-applications-submetering-fr","product-medium-cold-water-t50-fr","product-process-collecte-des-donnees","product-process-reseau-fixe","product-process-walk-by-drive-by-fr"],"acf":[],"_links":{"self":[{"href":"https:\/\/im-ultrasonic.com\/fr\/wp-json\/wp\/v2\/product\/4571","targetHints":{"allow":["GET"]}}],"collection":[{"href":"https:\/\/im-ultrasonic.com\/fr\/wp-json\/wp\/v2\/product"}],"about":[{"href":"https:\/\/im-ultrasonic.com\/fr\/wp-json\/wp\/v2\/types\/product"}],"replies":[{"embeddable":true,"href":"https:\/\/im-ultrasonic.com\/fr\/wp-json\/wp\/v2\/comments?post=4571"}],"wp:featuredmedia":[{"embeddable":true,"href":"https:\/\/im-ultrasonic.com\/fr\/wp-json\/wp\/v2\/media\/4665"}],"wp:attachment":[{"href":"https:\/\/im-ultrasonic.com\/fr\/wp-json\/wp\/v2\/media?parent=4571"}],"wp:term":[{"taxonomy":"product-applications","embeddable":true,"href":"https:\/\/im-ultrasonic.com\/fr\/wp-json\/wp\/v2\/product-applications?post=4571"},{"taxonomy":"product-medium","embeddable":true,"href":"https:\/\/im-ultrasonic.com\/fr\/wp-json\/wp\/v2\/product-medium?post=4571"},{"taxonomy":"product-process","embeddable":true,"href":"https:\/\/im-ultrasonic.com\/fr\/wp-json\/wp\/v2\/product-process?post=4571"}],"curies":[{"name":"wp","href":"https:\/\/api.w.org\/{rel}","templated":true}]}}