{"id":4506,"date":"2022-02-05T09:13:00","date_gmt":"2022-02-05T09:13:00","guid":{"rendered":"https:\/\/im-ultrasonic.com\/product\/rubin-sonic-smart-free-flow-bulk-water-meter\/"},"modified":"2025-09-04T10:22:09","modified_gmt":"2025-09-04T10:22:09","slug":"rubin-sonic-smart-free-flow-bulk-water-meter","status":"publish","type":"product","link":"https:\/\/im-ultrasonic.com\/fr\/product\/rubin-sonic-smart-free-flow-bulk-water-meter\/","title":{"rendered":"RUBIN\u00ae SONIC"},"content":{"rendered":"\n<!-- Block container# -->\n<div\n    id=\"air-tabsblock_d76cd41bace12f6884b9a503258b8d28\"\n    class=\"air-tabs tabs\"\n>\n\n<div class=\"tab-controls__container\"  airTargetDropdown>\n    <!-- Tabs controls# -->\n        <div class=\"tab-controls\"  airTargetDropdown>\n                                    <button class=\"tab-button js-tab-button--active theme-version-purple\"  airTargetDropdown>\n                Caract\u00e9ristiques et avantages            <\/button>\n                                    <button class=\"tab-button  theme-version-purple\"  airTargetDropdown>\n                Donn\u00e9es techniques            <\/button>\n                    <\/div>\n    <!-- #Tabs controls# -->\n<\/div>\n\n    <!-- #Tab content -->\n                <div class=\"tab-content active theme-version-purple\">\n                <p><strong>Compteur \u00e0 ultrasons<\/strong> (statique) (sans pi\u00e8ces mobiles) pour applications de comptage intelligent<\/p>\n<p><strong>Technologie \u00e0 flux libre<\/strong>\u00a0: aucun r\u00e9flecteur dans la canalisation<br \/>\nPas d&rsquo;adh\u00e9rence de salet\u00e9, plus de pr\u00e9cision, perte de charge r\u00e9duite<\/p>\n<p>&nbsp;<\/p>\n<p><strong>Compatible avec plusieurs r\u00e9seaux<\/strong><br \/>\n\u2022 LoRaWAN (certifi\u00e9 LoRa Alliance), M-Bus sans fil (OMS), M-Bus, impulsions<br \/>\n\u2022 Compatible MultiCom (LoRaWAN et w-MBus simultan\u00e9s) pour une flexibilit\u00e9 d&rsquo;\u00e9volution<br \/>\n\u2022 Sortie d&rsquo;impulsions toujours activ\u00e9e, quelle que soit la communication num\u00e9rique choisie<\/p>\n<p>&nbsp;<\/p>\n<p><strong>Compatible avec ParamApp<\/strong><br \/>\n\u2022 Configuration et diagnostic faciles sur le terrain gr\u00e2ce \u00e0 l&rsquo;application ParamApp conviviale<\/p>\n<p><strong>Compteur intelligent<\/strong><br \/>\n\u2022\u00a0 \u00a0Nombreuses informations disponibles et d\u00e9tection compl\u00e8te d&rsquo;\u00e9v\u00e9nements pour g\u00e9rer le r\u00e9seau (fuite, rupture, surcharge, temp\u00e9rature de l&rsquo;eau, inversion de flux)<\/p>\n<p><strong>Robuste<\/strong>\u00a0: IP68, dur\u00e9e de vie jusqu&rsquo;\u00e0 16\u00a0ans, conception inviolable<\/p>\n            <\/div>\n    <!-- #Tab content -->\n                <div class=\"tab-content  theme-version-purple\">\n                <p>\u2022\u00a0 \u00a0Diam\u00e8tre nominal DN 50 \u2013 200<br \/>\n\u2022\u00a0 \u00a0Pression nominale PN 16 bar<br \/>\n\u2022\u00a0 \u00a0Temp\u00e9rature du fluide\u00a0: 0,1 \u00b0C \u00e0 + 50 \u00b0C<br \/>\n\u2022\u00a0 \u00a0Temp\u00e9rature ambiante\u00a0: 1 \u00b0C \u00e0 + 70 \u00b0C<br \/>\n\u2022\u00a0 \u00a0Temp\u00e9rature de stockage\u00a0: -20 \u00b0C \u00e0 + 70 \u00b0C<br \/>\n\u2022\u00a0 \u00a0Dynamique de mesure \u00e9lev\u00e9e R500<br \/>\n\u2022\u00a0 \u00a0Indice de protection IP 68<br \/>\n\u2022\u00a0 \u00a0Types de brides\u00a0: ISO, ANSI, BSI<br \/>\n\u2022\u00a0 \u00a0Alimentation M-Bus filaire via batterie int\u00e9gr\u00e9e<br \/>\n\u2022\u00a0 \u00a0Mode M-Bus 868 T1 sans fil (OMS v4)<br \/>\n\u2022\u00a0 \u00a0Communication longue port\u00e9e sans fil\u00a0: LoRaWAN<br \/>\n\u2022\u00a0 \u00a0MultiCom activ\u00e9 (LoRaWAN et wM-Bus 868 MHz simultan\u00e9s)<br \/>\n\u2022\u00a0 \u00a0Interface collecteur ouvert (OC)\u00a0: 5 contacts M12 int\u00e9gr\u00e9s Connecteur<br \/>\n\u2022 Communication Sigfox<br \/>\n\u2022 Interface NFC pour configuration avec l&rsquo;application \u00ab\u00a0ParamApp\u00a0\u00bb (pour appareils Android sur Google PlayStore)<br \/>\n\u2022 Enregistreur de donn\u00e9es et d&rsquo;\u00e9v\u00e9nements performant<br \/>\n\u2022 Certifi\u00e9 MID 2014\/32\/UE et homologu\u00e9 pour l&rsquo;eau potable (ACS, WRAS, BELGAQUA)<\/p>\n            <\/div>\n    <!-- #Tab content -->\n    <\/div>\n<!-- #Block container -->\n","protected":false},"excerpt":{"rendered":"<p>Un compteur d&rsquo;eau intelligent \u00e0 ultrasons destin\u00e9 \u00e0 \u00eatre utilis\u00e9 dans des applications commerciales et industrielles.<\/p>\n","protected":false},"featured_media":4469,"parent":0,"comment_status":"open","ping_status":"closed","template":"","product-applications":[236,107,238,237],"product-medium":[235],"product-process":[],"class_list":["post-4506","product","type-product","status-publish","has-post-thumbnail","hentry","product-applications-facturation-clients-commerciaux-et-industriels","product-applications-irrigation-fr","product-applications-process-industriels","product-applications-surveillance-de-reseau-deau-dma","product-medium-eau-froide-t50"],"acf":[],"_links":{"self":[{"href":"https:\/\/im-ultrasonic.com\/fr\/wp-json\/wp\/v2\/product\/4506","targetHints":{"allow":["GET"]}}],"collection":[{"href":"https:\/\/im-ultrasonic.com\/fr\/wp-json\/wp\/v2\/product"}],"about":[{"href":"https:\/\/im-ultrasonic.com\/fr\/wp-json\/wp\/v2\/types\/product"}],"replies":[{"embeddable":true,"href":"https:\/\/im-ultrasonic.com\/fr\/wp-json\/wp\/v2\/comments?post=4506"}],"wp:featuredmedia":[{"embeddable":true,"href":"https:\/\/im-ultrasonic.com\/fr\/wp-json\/wp\/v2\/media\/4469"}],"wp:attachment":[{"href":"https:\/\/im-ultrasonic.com\/fr\/wp-json\/wp\/v2\/media?parent=4506"}],"wp:term":[{"taxonomy":"product-applications","embeddable":true,"href":"https:\/\/im-ultrasonic.com\/fr\/wp-json\/wp\/v2\/product-applications?post=4506"},{"taxonomy":"product-medium","embeddable":true,"href":"https:\/\/im-ultrasonic.com\/fr\/wp-json\/wp\/v2\/product-medium?post=4506"},{"taxonomy":"product-process","embeddable":true,"href":"https:\/\/im-ultrasonic.com\/fr\/wp-json\/wp\/v2\/product-process?post=4506"}],"curies":[{"name":"wp","href":"https:\/\/api.w.org\/{rel}","templated":true}]}}