{"id":590,"date":"2019-10-25T10:09:16","date_gmt":"2019-10-25T10:09:16","guid":{"rendered":"https:\/\/im-ultrasonic.com\/?page_id=590"},"modified":"2025-09-04T10:09:45","modified_gmt":"2025-09-04T10:09:45","slug":"metering","status":"publish","type":"page","link":"https:\/\/im-ultrasonic.com\/fr\/","title":{"rendered":"Home Page"},"content":{"rendered":"\n<p><\/p>\n\n\n\n<!-- Block container# -->\n<div\n    id=\"air-followblock_74dac80912793e6785b1a95744bf5bed\"\n    class=\"air-follow linkedin-follow\"\n>\n    <figure>\n        <img decoding=\"async\" src=\"https:\/\/im-ultrasonic.com\/wp-content\/uploads\/2021\/08\/integra_linked.png\" data-object-fit=\"cover\" alt=\"\" \/>\n    <\/figure>\n    <a target=\"\" href=\"https:\/\/www.linkedin.com\/company\/integra-metering\" class=\"link\">Suivez-nous sur LinkedIn<\/a>\n<\/div>\n<!-- #Block container -->\n\n\n\n<div\n    id=\"air-media-text-block_132a29b7013a4d2c5c4ddaf9fcea6c6a\"\n    class=\"air-block-media-text air-block-media-text--left theme-version-purple\"\n>\n            <figure>\n            <img decoding=\"async\" src=\"https:\/\/im-ultrasonic.com\/wp-content\/uploads\/2020\/03\/Websites-Hero-Format_Wasser.png\" data-object-fit=\"cover\" alt=\"\" \/>\n        <\/figure>\n        <section>\n                <span class=\"air-block-media-text__label\">Eau<\/span>\n                <h2>Compteurs d&rsquo;eau intelligents pour une facturation efficace et une r\u00e9duction de l&rsquo;eau non factur\u00e9e<\/h2>\n        <div class=\"air-block-media-text__description\">\n            <p>INTEGRA Metering Ultrasonic vous propose une gamme compl\u00e8te de solutions de comptage intelligent, ainsi que des compteurs d&rsquo;eau de qualit\u00e9 et fiables pour les applications d&rsquo;eau potable, r\u00e9sidentielle, de r\u00e9seau et d&rsquo;irrigation. Tous les compteurs d&rsquo;eau sont enti\u00e8rement certifi\u00e9s conformes aux directives sur les instruments de mesure (par exemple, MID) et aux r\u00e9glementations internationales sur l&rsquo;eau potable (par exemple, SVGW, KTW, WRAS, ACS).<\/p>\n        <\/div>\n            <\/section>\n<\/div>\n\n\n\n<div style=\"height:20px\" aria-hidden=\"true\" class=\"wp-block-spacer\"><\/div>\n\n\n\n<div style=\"height:150px\" aria-hidden=\"true\" class=\"wp-block-spacer\"><\/div>\n\n\n<div class=\"wp-block-image is-resized\">\n<figure class=\"aligncenter size-large\"><img loading=\"lazy\" decoding=\"async\" width=\"1520\" height=\"316\" src=\"https:\/\/im-ultrasonic.com\/wp-content\/uploads\/2020\/06\/oc-1810-ComarquageFE-UE-REG_FederVect.png\" alt=\"\" class=\"wp-image-2517\"\/><\/figure>\n<\/div>\n\n\n<div style=\"height:80px\" aria-hidden=\"true\" class=\"wp-block-spacer\"><\/div>\n\n\n\n<p><\/p>\n","protected":false},"excerpt":{"rendered":"","protected":false},"author":17,"featured_media":0,"parent":0,"menu_order":0,"comment_status":"closed","ping_status":"closed","template":"","meta":{"_monsterinsights_skip_tracking":false,"_monsterinsights_sitenote_active":false,"_monsterinsights_sitenote_note":"","_monsterinsights_sitenote_category":0,"footnotes":""},"class_list":["post-590","page","type-page","status-publish","hentry"],"acf":[],"_links":{"self":[{"href":"https:\/\/im-ultrasonic.com\/fr\/wp-json\/wp\/v2\/pages\/590","targetHints":{"allow":["GET"]}}],"collection":[{"href":"https:\/\/im-ultrasonic.com\/fr\/wp-json\/wp\/v2\/pages"}],"about":[{"href":"https:\/\/im-ultrasonic.com\/fr\/wp-json\/wp\/v2\/types\/page"}],"author":[{"embeddable":true,"href":"https:\/\/im-ultrasonic.com\/fr\/wp-json\/wp\/v2\/users\/17"}],"replies":[{"embeddable":true,"href":"https:\/\/im-ultrasonic.com\/fr\/wp-json\/wp\/v2\/comments?post=590"}],"version-history":[{"count":5,"href":"https:\/\/im-ultrasonic.com\/fr\/wp-json\/wp\/v2\/pages\/590\/revisions"}],"predecessor-version":[{"id":4643,"href":"https:\/\/im-ultrasonic.com\/fr\/wp-json\/wp\/v2\/pages\/590\/revisions\/4643"}],"wp:attachment":[{"href":"https:\/\/im-ultrasonic.com\/fr\/wp-json\/wp\/v2\/media?parent=590"}],"curies":[{"name":"wp","href":"https:\/\/api.w.org\/{rel}","templated":true}]}}