{"id":4516,"date":"2025-06-03T09:16:35","date_gmt":"2025-06-03T09:16:35","guid":{"rendered":"https:\/\/im-ultrasonic.com\/carrieres\/"},"modified":"2025-09-04T09:38:52","modified_gmt":"2025-09-04T09:38:52","slug":"carrieres","status":"publish","type":"page","link":"https:\/\/im-ultrasonic.com\/fr\/carrieres\/","title":{"rendered":"Carri\u00e8res"},"content":{"rendered":"\n<p><a href=\"https:\/\/www.linkedin.com\/company\/28979769\/admin\/posted-jobs\/open\/\"><\/a><a href=\"https:\/\/www.linkedin.com\/company\/integra-metering-sas\/jobs\/?viewAsMember=true\">INTEGRA Metering Ultrasonic: Jobs | LinkedIn<\/a><\/p>\n\n\n\n<!-- Block container# -->\n<section\n    id=\"air-block-media-multiblock_782ad3073ccb60ac913d7733bcc5ec7c\"\n    class=\"air-block-media-multi air-block-media-multi--left air-block-media-multi--single-item\"\n    >\n    <!-- Description# -->\n    <div class=\"air-block-media-multi__description\">\n        <ul class=\"air-block-media-multi__description__list special\">\n                                            <li\n                    class='item special active theme-version-purple'\n                                        picked='0'\n                >\n                    D\u00e9velopper votre carri\u00e8re chez INTEGRA Metering, c&#039;est avant tout :                <\/li>\n                    <\/ul>\n        <div class=\"air-block-media-multi__description__content\">\n                                            <div\n                    class='item active'\n                    picked='0'\n                >\n                                <p>\u2022 Rejoindre une entreprise multiculturelle aux valeurs fortes<br \/>\n\u2022 D\u00e9couvrir les diff\u00e9rents aspects des m\u00e9tiers de l&rsquo;eau et acqu\u00e9rir de multiples comp\u00e9tences<br \/>\n\u2022 B\u00e9n\u00e9ficier d&rsquo;un cadre de vie agr\u00e9able et d&rsquo;une grande flexibilit\u00e9 professionnelle<br \/>\n\u2022 Nous sommes \u00e0 l&rsquo;\u00e9coute de vos questions et attendons avec impatience votre dossier de candidature.<\/p>\n<p>&nbsp;<\/p>\n                                <\/div>\n                    <\/div>\n    <\/div>\n    <!-- #Description -->\n    <!-- Figure# -->\n    <div class=\"air-block-media-multi__figure-container\">\n                                            <figure class='air-block-media-multi__figure active'\n                    picked='0' >\n                    <img\n                        src='https:\/\/im-ultrasonic.com\/wp-content\/uploads\/2020\/03\/Websites-Hero-Format_Careers.png'\n                        data-object-fit=\"contain\"\n                        alt=\"\"\n                    \/>\n            <\/figure>\n            <\/div>\n    <!-- #Figure -->\n<\/section>\n<!-- Block container# -->\n\n\n\n<p><strong>Jetez un \u0153il aux offres d\u2019emploi que nous proposons. Nous attendons avec impatience de vous entendre ou de recevoir votre dossier de candidature complet.<\/strong><\/p>\n\n\n\n<hr class=\"wp-block-separator has-css-opacity\"\/>\n\n\n\n<h4 class=\"wp-block-heading\">Vous n&rsquo;avez pas trouv\u00e9 le bon poste ? Envoyez-nous votre candidature spontan\u00e9e \u00e0 hr@im-ultrasonic.com<\/h4>\n\n\n\n<p><\/p>\n","protected":false},"excerpt":{"rendered":"<p>INTEGRA Metering Ultrasonic: Jobs | LinkedIn Jetez un \u0153il aux offres d\u2019emploi que nous proposons. Nous attendons avec impatience de vous entendre ou de recevoir votre dossier de candidature complet. Vous n&rsquo;avez pas trouv\u00e9 le bon poste ? Envoyez-nous votre candidature spontan\u00e9e \u00e0 hr@im-ultrasonic.com<\/p>\n","protected":false},"author":2,"featured_media":0,"parent":0,"menu_order":0,"comment_status":"closed","ping_status":"closed","template":"","meta":{"_monsterinsights_skip_tracking":false,"_monsterinsights_sitenote_active":false,"_monsterinsights_sitenote_note":"","_monsterinsights_sitenote_category":0,"footnotes":""},"class_list":["post-4516","page","type-page","status-publish","hentry"],"acf":[],"_links":{"self":[{"href":"https:\/\/im-ultrasonic.com\/fr\/wp-json\/wp\/v2\/pages\/4516","targetHints":{"allow":["GET"]}}],"collection":[{"href":"https:\/\/im-ultrasonic.com\/fr\/wp-json\/wp\/v2\/pages"}],"about":[{"href":"https:\/\/im-ultrasonic.com\/fr\/wp-json\/wp\/v2\/types\/page"}],"author":[{"embeddable":true,"href":"https:\/\/im-ultrasonic.com\/fr\/wp-json\/wp\/v2\/users\/2"}],"replies":[{"embeddable":true,"href":"https:\/\/im-ultrasonic.com\/fr\/wp-json\/wp\/v2\/comments?post=4516"}],"version-history":[{"count":3,"href":"https:\/\/im-ultrasonic.com\/fr\/wp-json\/wp\/v2\/pages\/4516\/revisions"}],"predecessor-version":[{"id":4635,"href":"https:\/\/im-ultrasonic.com\/fr\/wp-json\/wp\/v2\/pages\/4516\/revisions\/4635"}],"wp:attachment":[{"href":"https:\/\/im-ultrasonic.com\/fr\/wp-json\/wp\/v2\/media?parent=4516"}],"curies":[{"name":"wp","href":"https:\/\/api.w.org\/{rel}","templated":true}]}}