{"id":4514,"date":"2025-06-03T09:13:51","date_gmt":"2025-06-03T09:13:51","guid":{"rendered":"https:\/\/im-ultrasonic.com\/a-propos\/"},"modified":"2025-09-04T10:09:09","modified_gmt":"2025-09-04T10:09:09","slug":"a-propos","status":"publish","type":"page","link":"https:\/\/im-ultrasonic.com\/fr\/a-propos\/","title":{"rendered":"A propos"},"content":{"rendered":"\n<div class=\"wp-block-columns is-layout-flex wp-container-core-columns-is-layout-9d6595d7 wp-block-columns-is-layout-flex\">\n<div class=\"wp-block-column is-layout-flow wp-block-column-is-layout-flow\">\n<p>Aujourd&rsquo;hui, INTEGRA Metering Ultrasonic propose une gamme compl\u00e8te de solutions et de produits pour le secteur de l&rsquo;eau. Nos compteurs d&rsquo;eau sont con\u00e7us, d\u00e9velopp\u00e9s et fabriqu\u00e9s \u00e0 Blagnac, en France, gr\u00e2ce \u00e0 notre technologie ultrasonique brevet\u00e9e. <\/p>\n<\/div>\n<\/div>\n\n<figure class=\"wp-block-table is-style-regular\"><table><tbody><tr><td>2010<\/td><td>Cr\u00e9ation d&rsquo;Yzatec, start-up sp\u00e9cialis\u00e9e dans la technologie de mesure par ultrasons<\/td><\/tr><tr><td>2014<\/td><td>Lancement du RUBIN Sonic, compteur d&rsquo;eau \u00e0 ultrasons en vrac<\/td><\/tr><tr><td>2016<\/td><td>Lancement du TOPAS Sonic, compteur d&rsquo;eau r\u00e9sidentiel \u00e0 ultrasons<\/td><\/tr><tr><td>2017<\/td><td>Yzatec est acquis par Integra Group et int\u00e9gr\u00e9 au sein d&rsquo;Integra Metering AG<\/td><\/tr><tr><td>2024<\/td><td>L&rsquo;entit\u00e9 fran\u00e7aise Integra Metering Ultrasonic est devenue ind\u00e9pendante d&rsquo;Integra Metering AG<\/td><\/tr><tr><td>2025<\/td><td>Lancement de TOPAS Sonic Composite<\/td><\/tr><\/tbody><\/table><\/figure>\n\n<p><\/p>\n\n<div class=\"wp-block-columns is-layout-flex wp-container-core-columns-is-layout-9d6595d7 wp-block-columns-is-layout-flex\">\n<div class=\"wp-block-column is-layout-flow wp-block-column-is-layout-flow\">\n<h2 class=\"wp-block-heading\">Nos valeurs<\/h2>\n\n\n\n<p><strong>Int\u00e9grit\u00e9<\/strong> \u2013 Chez INTEGRA Metering, nous accordons une grande importance au respect, \u00e0 la loyaut\u00e9, \u00e0 l&rsquo;honn\u00eatet\u00e9 et \u00e0 la reconnaissance. Nous croyons au travail d&rsquo;\u00e9quipe fond\u00e9 sur la confiance, la solidarit\u00e9 et la fiabilit\u00e9. <\/p>\n\n\n\n<p><strong>Passion<\/strong> \u2013 Nous travaillons en \u00e9quipe avec nos partenaires commerciaux pour servir nos clients avec le plus grand professionnalisme. Nous nous engageons \u00e0 mener nos activit\u00e9s quotidiennes avec joie, sens et d\u00e9termination, vers des objectifs communs. <\/p>\n\n\n\n<p><strong>Excellence<\/strong> \u2013 Nous accordons une attention particuli\u00e8re \u00e0 la qualit\u00e9, au succ\u00e8s et \u00e0 l\u2019am\u00e9lioration continue.<\/p>\n\n\n\n<p><strong>Inspiration<\/strong> \u2013 Nous valorisons la cr\u00e9ativit\u00e9, l\u2019innovation et l\u2019ouverture dans le but de proposer des solutions intelligentes.<\/p>\n\n\n\n<p><strong>Entrepeunariat<\/strong> \u2013 Nous privil\u00e9gions constamment l\u2019esprit de leadership, le courage, l\u2019agilit\u00e9, la responsabilit\u00e9, la conscience du risque et l\u2019humilit\u00e9.<\/p>\n<\/div>\n\n\n\n<div class=\"wp-block-column is-layout-flow wp-block-column-is-layout-flow\">\n<figure class=\"wp-block-image size-full\"><img loading=\"lazy\" decoding=\"async\" width=\"550\" height=\"800\" src=\"https:\/\/im-ultrasonic.com\/wp-content\/uploads\/2020\/03\/Website_ValuesEN-Portrait.png\" alt=\"\" class=\"wp-image-1959\"\/><\/figure>\n<\/div>\n<\/div>\n\n<div class=\"wp-block-columns is-layout-flex wp-container-core-columns-is-layout-9d6595d7 wp-block-columns-is-layout-flex\">\n<div class=\"wp-block-column is-layout-flow wp-block-column-is-layout-flow\"><\/div>\n\n\n\n<div class=\"wp-block-column is-layout-flow wp-block-column-is-layout-flow\"><\/div>\n<\/div>\n\n<div class=\"wp-block-columns is-layout-flex wp-container-core-columns-is-layout-9d6595d7 wp-block-columns-is-layout-flex\">\n<div class=\"wp-block-column is-layout-flow wp-block-column-is-layout-flow\"><\/div>\n<\/div>\n\n<p><\/p>\n","protected":false},"excerpt":{"rendered":"<p>Aujourd&rsquo;hui, INTEGRA Metering Ultrasonic propose une gamme compl\u00e8te de solutions et de produits pour le secteur de l&rsquo;eau. Nos compteurs d&rsquo;eau sont con\u00e7us, d\u00e9velopp\u00e9s et fabriqu\u00e9s \u00e0 Blagnac, en France, gr\u00e2ce \u00e0 notre technologie ultrasonique brevet\u00e9e. 2010 Cr\u00e9ation d&rsquo;Yzatec, start-up sp\u00e9cialis\u00e9e dans la technologie de mesure par ultrasons 2014 Lancement du RUBIN Sonic, compteur d&rsquo;eau [&hellip;]<\/p>\n","protected":false},"author":20,"featured_media":0,"parent":0,"menu_order":0,"comment_status":"closed","ping_status":"closed","template":"","meta":{"_monsterinsights_skip_tracking":false,"_monsterinsights_sitenote_active":false,"_monsterinsights_sitenote_note":"","_monsterinsights_sitenote_category":0,"footnotes":""},"class_list":["post-4514","page","type-page","status-publish","hentry"],"acf":[],"_links":{"self":[{"href":"https:\/\/im-ultrasonic.com\/fr\/wp-json\/wp\/v2\/pages\/4514","targetHints":{"allow":["GET"]}}],"collection":[{"href":"https:\/\/im-ultrasonic.com\/fr\/wp-json\/wp\/v2\/pages"}],"about":[{"href":"https:\/\/im-ultrasonic.com\/fr\/wp-json\/wp\/v2\/types\/page"}],"author":[{"embeddable":true,"href":"https:\/\/im-ultrasonic.com\/fr\/wp-json\/wp\/v2\/users\/20"}],"replies":[{"embeddable":true,"href":"https:\/\/im-ultrasonic.com\/fr\/wp-json\/wp\/v2\/comments?post=4514"}],"version-history":[{"count":3,"href":"https:\/\/im-ultrasonic.com\/fr\/wp-json\/wp\/v2\/pages\/4514\/revisions"}],"predecessor-version":[{"id":4641,"href":"https:\/\/im-ultrasonic.com\/fr\/wp-json\/wp\/v2\/pages\/4514\/revisions\/4641"}],"wp:attachment":[{"href":"https:\/\/im-ultrasonic.com\/fr\/wp-json\/wp\/v2\/media?parent=4514"}],"curies":[{"name":"wp","href":"https:\/\/api.w.org\/{rel}","templated":true}]}}