{"id":1526,"date":"2019-11-22T16:16:53","date_gmt":"2019-11-22T16:16:53","guid":{"rendered":"https:\/\/im-ultrasonic.com\/?page_id=1526"},"modified":"2025-07-11T12:30:44","modified_gmt":"2025-07-11T12:30:44","slug":"imprint","status":"publish","type":"page","link":"https:\/\/im-ultrasonic.com\/fr\/imprint\/","title":{"rendered":"Imprint"},"content":{"rendered":"\n<p><strong>INTEGRA METERING SAS<\/strong><br>18 Avenue Escadrille Normandie-Ni\u00e9men<br>31700 Blagnac<br>FRANCE<\/p>\n\n\n\n<h3 class=\"wp-block-heading\">Contact<\/h3>\n\n\n\n<p>Tel. +33 5 61 11 23 56<br> info@im-ultrasonic.com<br> <a href=\"https:\/\/www.im-ultrasonic.com\">www.im-ultrasonic.com<\/a><\/p>\n\n\n\n<h3 class=\"wp-block-heading\">Avis de droit d&rsquo;auteur<\/h3>\n\n\n\n<p>Le contenu et la pr\u00e9sentation des pages web d&rsquo;Integra Metering SAS sont prot\u00e9g\u00e9s dans le monde entier. Toute reproduction, diffusion ou utilisation, totale ou partielle, est interdite sans autorisation pr\u00e9alable. Les photos que nous utilisons ne peuvent \u00eatre r\u00e9utilis\u00e9es sans notre accord explicite. Tous droits, y compris les demandes de droits de propri\u00e9t\u00e9 industrielle, sont r\u00e9serv\u00e9s.<\/p>\n\n\n\n<h3 class=\"wp-block-heading\">Avis g\u00e9n\u00e9ral<\/h3>\n\n\n\n<p>Nous d\u00e9clinons toute responsabilit\u00e9 quant au contenu des pages web vers lesquelles des liens sont propos\u00e9s sur notre site, ainsi que pour tout dommage ou violation de la loi associ\u00e9 \u00e0 ces pages. L&rsquo;utilisation de ces liens se fait aux risques et p\u00e9rils de l&rsquo;utilisateur.<\/p>\n\n\n\n<p><\/p>\n","protected":false},"excerpt":{"rendered":"<p>INTEGRA METERING SAS18 Avenue Escadrille Normandie-Ni\u00e9men31700 BlagnacFRANCE Contact Tel. +33 5 61 11 23 56 info@im-ultrasonic.com www.im-ultrasonic.com Avis de droit d&rsquo;auteur Le contenu et la pr\u00e9sentation des pages web d&rsquo;Integra Metering SAS sont prot\u00e9g\u00e9s dans le monde entier. Toute reproduction, diffusion ou utilisation, totale ou partielle, est interdite sans autorisation pr\u00e9alable. Les photos que nous [&hellip;]<\/p>\n","protected":false},"author":17,"featured_media":0,"parent":0,"menu_order":0,"comment_status":"closed","ping_status":"closed","template":"","meta":{"_monsterinsights_skip_tracking":false,"_monsterinsights_sitenote_active":false,"_monsterinsights_sitenote_note":"","_monsterinsights_sitenote_category":0,"footnotes":""},"class_list":["post-1526","page","type-page","status-publish","hentry"],"acf":[],"_links":{"self":[{"href":"https:\/\/im-ultrasonic.com\/fr\/wp-json\/wp\/v2\/pages\/1526","targetHints":{"allow":["GET"]}}],"collection":[{"href":"https:\/\/im-ultrasonic.com\/fr\/wp-json\/wp\/v2\/pages"}],"about":[{"href":"https:\/\/im-ultrasonic.com\/fr\/wp-json\/wp\/v2\/types\/page"}],"author":[{"embeddable":true,"href":"https:\/\/im-ultrasonic.com\/fr\/wp-json\/wp\/v2\/users\/17"}],"replies":[{"embeddable":true,"href":"https:\/\/im-ultrasonic.com\/fr\/wp-json\/wp\/v2\/comments?post=1526"}],"version-history":[{"count":5,"href":"https:\/\/im-ultrasonic.com\/fr\/wp-json\/wp\/v2\/pages\/1526\/revisions"}],"predecessor-version":[{"id":4609,"href":"https:\/\/im-ultrasonic.com\/fr\/wp-json\/wp\/v2\/pages\/1526\/revisions\/4609"}],"wp:attachment":[{"href":"https:\/\/im-ultrasonic.com\/fr\/wp-json\/wp\/v2\/media?parent=1526"}],"curies":[{"name":"wp","href":"https:\/\/api.w.org\/{rel}","templated":true}]}}